{"id":2196,"date":"2023-12-08T18:15:10","date_gmt":"2023-12-08T18:15:10","guid":{"rendered":"https:\/\/vestibulpalace.com\/?page_id=2196"},"modified":"2023-12-08T18:24:53","modified_gmt":"2023-12-08T18:24:53","slug":"privacy-policy","status":"publish","type":"page","link":"https:\/\/vestibulpalace.com\/en\/privacy-policy\/","title":{"rendered":"Privacy Policy"},"content":{"rendered":"<p>ECCO ING d.o.o. po\u0161tuje va\u0161u privatnost i temelji svoje internetske stranice na tehnologijama koje pru\u017eaju bolje i sigurnije mre\u017eno iskustvo. Ova Izjava o za\u0161titi privatnosti odnosi se na prikupljanje i obradu va\u0161ih osobnih podataka te primjenu kola\u010di\u0107a (cookies) na internetskim stranicama&nbsp;www.vestibulpalace.com&nbsp;(u nastavku: internetske stranice). Kori\u0161tenjem ovih internetskih stranica suglasni ste s na\u010dinom prikupljanja i obrade podataka opisanim u ovoj Izjavi te pohranom i pristupom kola\u010di\u0107ima na va\u0161em ure\u0111aju.<\/p>\n\n\n\n<p><strong>Prikupljanje i obrada osobnih podataka<\/strong><\/p>\n\n\n\n<p>Kako bi odr\u017ealo funkcionalnost internetskih stranica i omogu\u0107ili usluge koje korisnici tra\u017ee, ECCO ING d.o.o. na ovom web-mjestu mo\u017ee prikupljati i upotrebljavati osobne podatke korisnika. Putem internetskih stranica&nbsp;www.vestibulpalace.com&nbsp;mogu\u0107e je, ovisno o svrsi, prikupljanje va\u0161ih osobnih podataka kao \u0161to su: ime i prezime, adresa e-po\u0161te, ku\u0107na ili poslovna adresa, telefonski broj i sli\u010dno.<\/p>\n\n\n\n<p>ECCO ING d.o.o. prikuplja podatke o va\u0161em ra\u010dunalu. Ovi podaci mogu uklju\u010divati va\u0161u IP adresu, tip preglednika, vrijeme pristupa i adrese web stranica. Prikupljene podatke, kao i podatke koje je ECCO ING d.o.o. saznao na osnovi pru\u017eanja usluga klijentima i u obavljanju poslova s pojedina\u010dnim klijentom, obra\u0111uje u svrhu u koju su isti dani, \u0161to uklju\u010duje svrhu kori\u0161tenja web stranica i pru\u017eanja \u017eeljenih usluga, te kako bi vam pru\u017eio informacije o proizvodima ili uslugama koje mo\u017eete koristiti. ECCO ING d.o.o. mo\u017ee koristiti navedene podatke kako bi vam pru\u017eio u\u010dinkovitiju korisni\u010dku uslugu, olak\u0161ao kori\u0161tenje web stranica uklanjanjem potrebe za u\u010destalim upisivanjem istih podataka ili za prilagodbu web stranice va\u0161im osobnim sklonostima i interesima.<\/p>\n\n\n\n<p>ECCO ING d.o.o. neke od va\u0161ih podataka mo\u017ee podijeliti s davateljima marketin\u0161kih usluga i digitalnim marketin\u0161kim mre\u017eama radi prikaza oglasa koji bi vas mogli zanimati. Ovime vas ECCO ING d.o.o. ujedno informira da imate pravo na pristup svim danim osobnim podacima, kao i na njihov ispravak, pravo naknadno odustati od prethodno danih suglasnosti, djelomi\u010dno ili u cijelosti, kao i pravo usprotiviti se obradi osobnih podataka u svrhe pru\u017eanja informacija o proizvodima ili uslugama.<\/p>\n\n\n\n<p><strong>Sigurnost va\u0161ih osobnih podataka<\/strong><\/p>\n\n\n\n<p>Internetska stranica&nbsp;www.vestibulpalace.com&nbsp;\u0161titi va\u0161e osobne podatke od neovla\u0161tenog pristupa, upotrebe ili odavanja. Podaci na ra\u010dunalnim poslu\u017eiteljima pohranjuju se u kontroliranom, sigurnom okru\u017eenju, za\u0161ti\u0107enom od neovla\u0161tenog pristupa, upotrebe ili odavanja.<\/p>\n\n\n\n<p>Cjelokupan sadr\u017eaj objavljen na web stranici&nbsp;www.vestibulpalace.com&nbsp;isklju\u010divo je informativnog karaktera te se kao takav ne smije distribuirati ili neovla\u0161teno koristiti u komercijalne svrhe bez izri\u010ditog pisanog odobrenja ECCO ING d.o.o. ili na bilo koji na\u010din koji mo\u017ee uzrokovati \u0161tetu ECCO ING d.o.o. ili bilo kojoj tre\u0107oj strani. Dokumenti, podaci, fotografije i informacije objavljeni na ovoj web stranici mogu se koristiti uz po\u0161tivanje svih autorskih i srodnih prava te prava tre\u0107ih osoba sukladno pozitivnim zakonskim propisima Republike Hrvatske. Ovime prihva\u0107ate i podvrgavate se hrvatskom materijalnom pravu kao isklju\u010divo mjerodavnom za tuma\u010denje, primjenu i pravne u\u010dinke svih dopu\u0161tenja, isklju\u010denja i uvjeta upotrebe ovih stranica. Hrvatski sudovi isklju\u010divo su nadle\u017eni za sve zahtjeve i sporove koji nastanu kao rezultat upotrebe predmetnih stranica ili u vezi s njima.<\/p>\n\n\n\n<p>Informacije koje ECCO ING d.o.o. objavljuje na ovim stranicama smatraju se to\u010dnima i pouzdanima u vrijeme njihova uno\u0161enja. ECCO ING d.o.o. mo\u017ee u svako doba, bez prethodne najave a\u017eurirati ili izmijeniti podatke na ovim stranicama.<\/p>\n\n\n\n<p>ECCO ING d.o.o. se u potpunosti odri\u010de svake odgovornosti koja na bilo koji na\u010din mo\u017ee nastati iz, ili je na bilo koji na\u010din vezana za kori\u0161tenje ove web stranice, za bilo koje radnje korisnika uporabom ili zlouporabom sadr\u017eaja ove web stranice, te za bilo kakvu \u0161tetu koja mo\u017ee nastati korisniku ili bilo kojoj tre\u0107oj strani u vezi s uporabom ili zlouporabom kori\u0161tenja sadr\u017eaja ove web stranice.<\/p>\n\n\n\n<p>Ova web stranica sadr\u017ei dokumente, podatke, informacije i veze do drugih Internet stranica kreiranih od strane tre\u0107ih osoba koje \u0107e se, kad god je to mogu\u0107e, kao takve ozna\u010davati. ECCO ING d.o.o. nema nadzor nad navedenim dokumentima, podacima, informacijama ili drugim Internet stranicama uop\u0107e te se u potpunosti odri\u010de svake odgovornosti, uklju\u010duju\u0107i ali ne ograni\u010deno na to\u010dnost, potpunost i dostupnost sadr\u017eaju na Internet stranicama kreiranim od strane tre\u0107ih osoba. Molimo Vas da vodite ra\u010duna o tome da slanje privatnih poruka putem elektronske po\u0161te na mre\u017ei mo\u017ee biti nesigurno i podlo\u017eno neovla\u0161tenom pristupu tre\u0107ih osoba ili pogre\u0161noj dostavi. Zabranjena je reprodukcija, umno\u017eavanje ili distribucija dizajna ili podloge stranica ECCO ING d.o.o., pojedina\u010dnih elemenata stranica, dizajna logotipa u tvrtkinu vlasni\u0161tvu, bez izri\u010ditog pisanog odobrenja ECCO ING d.o.o. Osim u slu\u010daju druk\u010dijeg sporazuma, dokumenti, podaci i informacije objavljeni na ovim web stranicama smiju se koristiti, uz po\u0161tivanje svih autorskih i vlasni\u010dkih prava te prava tre\u0107ih osoba.<\/p>\n\n\n\n<p>ECCO ING d.o.o. kao voditelj zbirke osobnih podataka korisnika&nbsp;www.vestibulpalace.com, te \u0161titi privatnost korisnika u skladu sa Zakonom o za\u0161titi osobnih podataka. Podaci dobiveni od korisnika tijekom kori\u0161tenja web stranice koriste se u dobroj namjeri, ne obra\u0111uju se i ne dostavljaju tre\u0107oj strani. Voditelj zbirke se obavezuje da \u0107e \u010duvati privatnost korisnika web stranice, osim u slu\u010daju te\u0161kog kr\u0161enja ovih uvjeta ili nezakonitih aktivnosti korisnika, u kojem slu\u010daju privatnost korisnika mo\u017ee biti otkrivena sukladno pozitivnim propisima Republike Hrvatske. ECCO ING d.o.o. zadr\u017eava pravo bez prethodne najave promijeniti ili modificirati Uvjete kori\u0161tenja web stranice. Kori\u0161tenjem bilo kojeg sadr\u017eaja nawww.vestibulpalace.com&nbsp;smatra se da ste upoznati i suglasni s najnovijim pravilima.<\/p>\n\n\n\n<p><strong>Kola\u010di\u0107i (engl.&nbsp;<\/strong><strong>Cookies<\/strong><strong>)<\/strong><\/p>\n\n\n\n<p>Podlo\u017eno va\u0161oj privoli<\/p>\n\n\n\n<p>Dodatne kola\u010di\u0107e koristimo samo s va\u0161om prethodnom privolom (\u010dlanak 6(1)(a) Op\u0107e uredbe o za\u0161titi podataka). Pri Va\u0161em posjetu, na\u0161oj web stranici, pojavit \u0107e se obavijest koja \u0107e od Vas zatra\u017eiti privolu za postavljanje dodatnih kola\u010di\u0107a. U slu\u010daju da ste dali va\u0161u privolu smje\u0161tamo kola\u010di\u0107 na va\u0161e ra\u010dunalo, a oglas se ne\u0107e vise pojavljivati dok je kola\u010di\u0107 aktiviran. Nakon isteka vijeka trajanja kola\u010di\u0107a, ili ako kola\u010di\u0107 aktivno izbri\u0161ete oglas \u0107e se ponovno pojaviti prilikom Va\u0161eg slijede\u0107eg posjeta na\u0161oj web stranici, te \u0107e ponovno pojaviti poziv na davanje privole.<\/p>\n\n\n\n<p>\u0160to su kola\u010di\u0107i?<\/p>\n\n\n\n<p>Na na\u0161im stranicama primjenjuju se tzv. kola\u010di\u0107i (cookies) \u2013 tekstualne datoteke koje na ra\u010dunalo korisnika smje\u0161ta internetski poslu\u017eitelj (browser) kojim se korisnik koristi. Datoteke nastaju kada preglednik na ure\u0111aju korisnika u\u010dita posje\u0107eno mre\u017eno odredi\u0161te, koje potom&nbsp;\u0161alje podatke pregledniku te izra\u0111uje tekstualnu datoteku (kola\u010di\u0107). Preglednik dohva\u0107a i \u0161alje datoteku na poslu\u017eitelj mre\u017enog odredi\u0161ta (mjesta, stranice) prilikom povratka korisnika na njega.<\/p>\n\n\n\n<p>Kola\u010di\u0107i se upotrebljavaju za funkcioniranje svih zna\u010dajki internetskih stranica i bolje korisni\u010dko iskustvo, a mogu biti privremeni (pohranjuju se samo tijekom posjeta internetskim stranicama) ili trajni (na ra\u010dunalu korisnika ostaju pohranjeni i nakon posjeta). Kola\u010di\u0107ima tre\u0107ih strana ECCO ING d.o.o. koristi se za dobivanje statisti\u010dkih podataka o posje\u0107enosti i na\u010dinu upotrebe na\u0161ih internetskih stranica. Podaci koji se prikupljaju uklju\u010duju IP adresu korisnika, podatke o pregledniku, jeziku, operativnom sustavu i druge standardne podatke koji se prikupljaju i analiziraju isklju\u010divo u anonimnom i masovnom obliku. Internetske stranice ECCO ING d.o.o. ne sadr\u017eavaju kola\u010di\u0107e koji omogu\u0107uju pokretanje programa ili postavljanje virusa na va\u0161e ra\u010dunalo.<\/p>\n\n\n\n<p>Sprje\u010davanje kola\u010di\u0107a<\/p>\n\n\n\n<p>Ako niste suglasni s njihovom upotrebom, kola\u010di\u0107e mo\u017eete lako izbrisati (ili sprije\u010diti) na svojem ra\u010dunalu ili mobilnom ure\u0111aju s pomo\u0107u postavki preglednika kojim se koristite. Vi\u0161e informacija o upravljanju kola\u010di\u0107ima potra\u017eite na stranicama preglednika kojim se koristite. Budu\u0107i da je svrha kola\u010di\u0107a pobolj\u0161anje i omogu\u0107ivanje upotrebe na\u0161ih internetskih stranica i njihovih procesa, imajte na umu da sprje\u010davanjem ili brisanjem kola\u010di\u0107a mo\u017eete onemogu\u0107iti funkcioniranje tih zna\u010dajki ili prouzro\u010diti njihov druga\u010diji rad i izgled u va\u0161em pregledniku. Nadalje, kola\u010di\u0107e raznih ogla\u0161iva\u010da mo\u017eete deaktivirati preko sljede\u0107e internetske stranice:&nbsp;Your&nbsp;Online&nbsp;Choices&nbsp;\u2013 Upravljanje&nbsp;preferencama.<\/p>\n\n\n\n<p>Koje kola\u010di\u0107e koristimo?<\/p>\n\n\n\n<p>Google&nbsp;Analytics<\/p>\n\n\n\n<p>Internetska stranica&nbsp;www.vestibulpalace.com&nbsp;koristi Google&nbsp;Analytics&nbsp;4, uslugu za analizu web stranica koju pru\u017ea Google Inc. Upotrebom ove usluge analitike tako\u0111er se pohranjuju kola\u010di\u0107i na va\u0161e&nbsp;ra\u010dunalo.Dobivene&nbsp;informacije, uklju\u010duju\u0107i IP-adrese posjetitelja, prenose se na poslu\u017eitelj u SAD-u i tamo pohranjuju. Google \u0107e po potrebi ove informacije prenijeti tre\u0107im stranama ako je to propisano zakonom ili ako doti\u010dna tre\u0107a strana obra\u0111uje podatke po nalogu Googlea. Vi\u0161e informacija o usluzi Google&nbsp;Analytics&nbsp;mo\u017eete prona\u0107i na internetskoj stranici www.google.com<\/p>\n\n\n\n<p>ECCO ING d.o.o. koristi funkcije usluge Google&nbsp;Analytics&nbsp;za analizu kori\u0161tenja internetskih stranica&nbsp;www.vestibulpalace.com, npr. u obliku anonimnih ocjenjivanja i grafika u vezi s&nbsp;PageViews&nbsp;i&nbsp;Visits, kao i za ponovni marketing, izvje\u0161\u0107a o utiscima za Google Display Network, integraciju rje\u0161enja&nbsp;DoubleClick&nbsp;Campaign&nbsp;Manager i izvje\u0161\u0107a za Google&nbsp;Analyticsza rezultate prema demografskim zna\u010dajkama i interesima. Kori\u0161tenjem ove internetske stranice pristajete na obradu podataka o vama koje je prikupio Google na gore opisani na\u010din i u prethodno navedene svrhe. Da bi ovaj prigovor bio dugoro\u010dno va\u017ee\u0107i, va\u0161 preglednik mora prihva\u0107ati kola\u010di\u0107e. Alternativno se mo\u017eete usprotiviti prikupljanju podataka upotrebom programskog priklju\u010dka Google Browser-Plugins. Tako\u0111er ako \u017eelite posebno onemogu\u0107iti da Google&nbsp;Analytics&nbsp;sprema kola\u010di\u0107e na va\u0161e ra\u010dunalo, mo\u017eete to u\u010diniti na poveznici: https:\/\/tools.google.com\/dlpage\/gaoptout<\/p>\n\n\n\n<p><strong>Informacije vezane uz Va\u0161a prava<\/strong><\/p>\n\n\n\n<p>U skladu s primjenjivim propisima o za\u0161titi privatnosti podataka pripadaju Vam sljede\u0107a prava:<br>\u2022 Pravo na informacije o Va\u0161im osobnim podacima koje smo pohranili<br>\u2022 Pravo na tra\u017eenje ispravka, brisanje ili ograni\u010davanje obrade Va\u0161ih osobnih podataka<br>\u2022 Pravo na prigovor na obradu podataka za razloge iz na\u0161eg vlastitog legitimnog interesa, javnog interesa, ili profiliranja, osim ako ne mo\u017eemo dokazati da postoje uvjerljivi, opravdani razlozi koji nadilaze Va\u0161e interese, prava i slobodu, ili da se takva obrada provodi u svrhu potvrde, primjene ili obrane pravnih zahtjeva<br>\u2022 Pravo na prijenos podataka<br>\u2022 Pravo na podno\u0161enje \u017ealbe tijelu koje je nadle\u017eno za za\u0161titu podataka<br>\u2022 Mo\u017eete u bilo kojem trenutku s budu\u0107im u\u010dinkom opozvati Va\u0161u privolu vezanu uz prikupljanje, obradu i kori\u0161tenje Va\u0161ih osobnih podataka.Za daljnje informacije pogledajte poglavlja iznad koja opisuju obradu podataka na temelju Va\u0161e privole<\/p>\n\n\n\n<p><strong>Informacije za kontakt<\/strong><\/p>\n\n\n\n<p>Ako \u017eelite iskoristiti Va\u0161a prava, obratite se Va\u0161im zahtjevom putem e-mail adrese _________ili nam pi\u0161ite na adresu ECCO ING d.o.o. Kralja Zvonimira 65 a 21000 Split.<\/p>\n\n\n\n<p><strong>Uvjeti i izmjene<\/strong><\/p>\n\n\n\n<p>Uvjeti ove Izjave o za\u0161titi privatnosti ure\u0111uju upotrebu kola\u010di\u0107a i svih podataka prikupljenih za vrijeme primjenjivanja Izjave, osim kola\u010di\u0107a tre\u0107ih strana. ECCO ING d.o.o. zadr\u017eava pravo izmjene ove Izjave i pravila o kola\u010di\u0107ima u bilo kojem trenutku kako bi prenijela nove va\u017ene informacije te kako biste bili informirani o na\u010dinima na koje ECCO ING d.o.o. na svojim internetskim stranicama \u0161titi va\u0161e podatke, te stoga preporu\u010dujemo da povremeno provjerite a\u017euriranja na ovoj stranici.<\/p>","protected":false},"excerpt":{"rendered":"<p>ECCO ING d.o.o. po\u0161tuje va\u0161u privatnost i temelji svoje internetske stranice na tehnologijama koje pru\u017eaju bolje i sigurnije mre\u017eno iskustvo. Ova Izjava o za\u0161titi privatnosti odnosi se na prikupljanje i obradu va\u0161ih osobnih podataka te primjenu kola\u010di\u0107a (cookies) na internetskim &hellip; <a href=\"https:\/\/vestibulpalace.com\/en\/privacy-policy\/\">Read More<\/a><\/p>","protected":false},"author":1,"featured_media":1999,"parent":0,"menu_order":0,"comment_status":"closed","ping_status":"closed","template":"","meta":{"footnotes":""},"class_list":["post-2196","page","type-page","status-publish","has-post-thumbnail","hentry"],"yoast_head":"<!-- This site is optimized with the Yoast SEO plugin v27.5 - https:\/\/yoast.com\/product\/yoast-seo-wordpress\/ -->\n<title>Privacy Policy - Hotel Vestibul Palace - Split, Croatia<\/title>\n<meta name=\"robots\" content=\"index, follow, max-snippet:-1, max-image-preview:large, max-video-preview:-1\" \/>\n<link rel=\"canonical\" href=\"https:\/\/vestibulpalace.com\/en\/privacy-policy\/\" \/>\n<meta property=\"og:locale\" content=\"en_GB\" \/>\n<meta property=\"og:type\" content=\"article\" \/>\n<meta property=\"og:title\" content=\"Privacy Policy - Hotel Vestibul Palace - Split, Croatia\" \/>\n<meta property=\"og:description\" content=\"ECCO ING d.o.o. po\u0161tuje va\u0161u privatnost i temelji svoje internetske stranice na tehnologijama koje pru\u017eaju bolje i sigurnije mre\u017eno iskustvo. Ova Izjava o za\u0161titi privatnosti odnosi se na prikupljanje i obradu va\u0161ih osobnih podataka te primjenu kola\u010di\u0107a (cookies) na internetskim &hellip; Read More\" \/>\n<meta property=\"og:url\" content=\"https:\/\/vestibulpalace.com\/en\/privacy-policy\/\" \/>\n<meta property=\"og:site_name\" content=\"Hotel Vestibul Palace - Split, Croatia\" \/>\n<meta property=\"article:modified_time\" content=\"2023-12-08T18:24:53+00:00\" \/>\n<meta property=\"og:image\" content=\"https:\/\/vestibulpalace.com\/wp-content\/uploads\/2015\/12\/intro_2.jpeg\" \/>\n\t<meta property=\"og:image:width\" content=\"1772\" \/>\n\t<meta property=\"og:image:height\" content=\"1181\" \/>\n\t<meta property=\"og:image:type\" content=\"image\/jpeg\" \/>\n<meta name=\"twitter:card\" content=\"summary_large_image\" \/>\n<meta name=\"twitter:label1\" content=\"Estimated reading time\" \/>\n\t<meta name=\"twitter:data1\" content=\"9 minutes\" \/>\n<script type=\"application\/ld+json\" class=\"yoast-schema-graph\">{\"@context\":\"https:\\\/\\\/schema.org\",\"@graph\":[{\"@type\":\"WebPage\",\"@id\":\"https:\\\/\\\/vestibulpalace.com\\\/en\\\/privacy-policy\\\/\",\"url\":\"https:\\\/\\\/vestibulpalace.com\\\/en\\\/privacy-policy\\\/\",\"name\":\"Privacy Policy - Hotel Vestibul Palace - Split, Croatia\",\"isPartOf\":{\"@id\":\"https:\\\/\\\/vestibulpalace.com\\\/en\\\/#website\"},\"primaryImageOfPage\":{\"@id\":\"https:\\\/\\\/vestibulpalace.com\\\/en\\\/privacy-policy\\\/#primaryimage\"},\"image\":{\"@id\":\"https:\\\/\\\/vestibulpalace.com\\\/en\\\/privacy-policy\\\/#primaryimage\"},\"thumbnailUrl\":\"https:\\\/\\\/vestibulpalace.com\\\/wp-content\\\/uploads\\\/2015\\\/12\\\/intro_2.jpeg\",\"datePublished\":\"2023-12-08T18:15:10+00:00\",\"dateModified\":\"2023-12-08T18:24:53+00:00\",\"breadcrumb\":{\"@id\":\"https:\\\/\\\/vestibulpalace.com\\\/en\\\/privacy-policy\\\/#breadcrumb\"},\"inLanguage\":\"en-GB\",\"potentialAction\":[{\"@type\":\"ReadAction\",\"target\":[\"https:\\\/\\\/vestibulpalace.com\\\/en\\\/privacy-policy\\\/\"]}]},{\"@type\":\"ImageObject\",\"inLanguage\":\"en-GB\",\"@id\":\"https:\\\/\\\/vestibulpalace.com\\\/en\\\/privacy-policy\\\/#primaryimage\",\"url\":\"https:\\\/\\\/vestibulpalace.com\\\/wp-content\\\/uploads\\\/2015\\\/12\\\/intro_2.jpeg\",\"contentUrl\":\"https:\\\/\\\/vestibulpalace.com\\\/wp-content\\\/uploads\\\/2015\\\/12\\\/intro_2.jpeg\",\"width\":1772,\"height\":1181},{\"@type\":\"BreadcrumbList\",\"@id\":\"https:\\\/\\\/vestibulpalace.com\\\/en\\\/privacy-policy\\\/#breadcrumb\",\"itemListElement\":[{\"@type\":\"ListItem\",\"position\":1,\"name\":\"Home\",\"item\":\"https:\\\/\\\/vestibulpalace.com\\\/en\\\/\"},{\"@type\":\"ListItem\",\"position\":2,\"name\":\"Privacy Policy\"}]},{\"@type\":\"WebSite\",\"@id\":\"https:\\\/\\\/vestibulpalace.com\\\/en\\\/#website\",\"url\":\"https:\\\/\\\/vestibulpalace.com\\\/en\\\/\",\"name\":\"Hotel Vestibul Palace - Split, Croatia\",\"description\":\"Luxury boutique Hotel Vestibul - Split, Croatia\",\"potentialAction\":[{\"@type\":\"SearchAction\",\"target\":{\"@type\":\"EntryPoint\",\"urlTemplate\":\"https:\\\/\\\/vestibulpalace.com\\\/en\\\/?s={search_term_string}\"},\"query-input\":{\"@type\":\"PropertyValueSpecification\",\"valueRequired\":true,\"valueName\":\"search_term_string\"}}],\"inLanguage\":\"en-GB\"}]}<\/script>\n<!-- \/ Yoast SEO plugin. -->","yoast_head_json":{"title":"Privacy Policy - Hotel Vestibul Palace - Split, Croatia","robots":{"index":"index","follow":"follow","max-snippet":"max-snippet:-1","max-image-preview":"max-image-preview:large","max-video-preview":"max-video-preview:-1"},"canonical":"https:\/\/vestibulpalace.com\/en\/privacy-policy\/","og_locale":"en_GB","og_type":"article","og_title":"Privacy Policy - Hotel Vestibul Palace - Split, Croatia","og_description":"ECCO ING d.o.o. po\u0161tuje va\u0161u privatnost i temelji svoje internetske stranice na tehnologijama koje pru\u017eaju bolje i sigurnije mre\u017eno iskustvo. Ova Izjava o za\u0161titi privatnosti odnosi se na prikupljanje i obradu va\u0161ih osobnih podataka te primjenu kola\u010di\u0107a (cookies) na internetskim &hellip; Read More","og_url":"https:\/\/vestibulpalace.com\/en\/privacy-policy\/","og_site_name":"Hotel Vestibul Palace - Split, Croatia","article_modified_time":"2023-12-08T18:24:53+00:00","og_image":[{"width":1772,"height":1181,"url":"https:\/\/vestibulpalace.com\/wp-content\/uploads\/2015\/12\/intro_2.jpeg","type":"image\/jpeg"}],"twitter_card":"summary_large_image","twitter_misc":{"Estimated reading time":"9 minutes"},"schema":{"@context":"https:\/\/schema.org","@graph":[{"@type":"WebPage","@id":"https:\/\/vestibulpalace.com\/en\/privacy-policy\/","url":"https:\/\/vestibulpalace.com\/en\/privacy-policy\/","name":"Privacy Policy - Hotel Vestibul Palace - Split, Croatia","isPartOf":{"@id":"https:\/\/vestibulpalace.com\/en\/#website"},"primaryImageOfPage":{"@id":"https:\/\/vestibulpalace.com\/en\/privacy-policy\/#primaryimage"},"image":{"@id":"https:\/\/vestibulpalace.com\/en\/privacy-policy\/#primaryimage"},"thumbnailUrl":"https:\/\/vestibulpalace.com\/wp-content\/uploads\/2015\/12\/intro_2.jpeg","datePublished":"2023-12-08T18:15:10+00:00","dateModified":"2023-12-08T18:24:53+00:00","breadcrumb":{"@id":"https:\/\/vestibulpalace.com\/en\/privacy-policy\/#breadcrumb"},"inLanguage":"en-GB","potentialAction":[{"@type":"ReadAction","target":["https:\/\/vestibulpalace.com\/en\/privacy-policy\/"]}]},{"@type":"ImageObject","inLanguage":"en-GB","@id":"https:\/\/vestibulpalace.com\/en\/privacy-policy\/#primaryimage","url":"https:\/\/vestibulpalace.com\/wp-content\/uploads\/2015\/12\/intro_2.jpeg","contentUrl":"https:\/\/vestibulpalace.com\/wp-content\/uploads\/2015\/12\/intro_2.jpeg","width":1772,"height":1181},{"@type":"BreadcrumbList","@id":"https:\/\/vestibulpalace.com\/en\/privacy-policy\/#breadcrumb","itemListElement":[{"@type":"ListItem","position":1,"name":"Home","item":"https:\/\/vestibulpalace.com\/en\/"},{"@type":"ListItem","position":2,"name":"Privacy Policy"}]},{"@type":"WebSite","@id":"https:\/\/vestibulpalace.com\/en\/#website","url":"https:\/\/vestibulpalace.com\/en\/","name":"Hotel Vestibul Palace - Split, Croatia","description":"Luxury boutique Hotel Vestibul - Split, Croatia","potentialAction":[{"@type":"SearchAction","target":{"@type":"EntryPoint","urlTemplate":"https:\/\/vestibulpalace.com\/en\/?s={search_term_string}"},"query-input":{"@type":"PropertyValueSpecification","valueRequired":true,"valueName":"search_term_string"}}],"inLanguage":"en-GB"}]}},"_links":{"self":[{"href":"https:\/\/vestibulpalace.com\/en\/wp-json\/wp\/v2\/pages\/2196","targetHints":{"allow":["GET"]}}],"collection":[{"href":"https:\/\/vestibulpalace.com\/en\/wp-json\/wp\/v2\/pages"}],"about":[{"href":"https:\/\/vestibulpalace.com\/en\/wp-json\/wp\/v2\/types\/page"}],"author":[{"embeddable":true,"href":"https:\/\/vestibulpalace.com\/en\/wp-json\/wp\/v2\/users\/1"}],"replies":[{"embeddable":true,"href":"https:\/\/vestibulpalace.com\/en\/wp-json\/wp\/v2\/comments?post=2196"}],"version-history":[{"count":1,"href":"https:\/\/vestibulpalace.com\/en\/wp-json\/wp\/v2\/pages\/2196\/revisions"}],"predecessor-version":[{"id":2198,"href":"https:\/\/vestibulpalace.com\/en\/wp-json\/wp\/v2\/pages\/2196\/revisions\/2198"}],"wp:featuredmedia":[{"embeddable":true,"href":"https:\/\/vestibulpalace.com\/en\/wp-json\/wp\/v2\/media\/1999"}],"wp:attachment":[{"href":"https:\/\/vestibulpalace.com\/en\/wp-json\/wp\/v2\/media?parent=2196"}],"curies":[{"name":"wp","href":"https:\/\/api.w.org\/{rel}","templated":true}]}}